{"id":8262,"date":"2025-03-13T13:45:25","date_gmt":"2025-03-13T13:45:25","guid":{"rendered":"https:\/\/drniluferyilmaz.com\/hakkimda\/"},"modified":"2025-04-09T14:48:07","modified_gmt":"2025-04-09T14:48:07","slug":"about-me","status":"publish","type":"page","link":"https:\/\/drniluferyilmaz.com\/en-gb\/about-me\/","title":{"rendered":"About Me"},"content":{"rendered":"\t\t<div data-elementor-type=\"wp-page\" data-elementor-id=\"8262\" class=\"elementor elementor-8262 elementor-7297\">\n\t\t\t\t<div class=\"elementor-element elementor-element-9101614 e-con-full e-flex e-con e-parent\" data-id=\"9101614\" data-element_type=\"container\" data-settings=\"{&quot;background_background&quot;:&quot;classic&quot;,&quot;shape_divider_bottom&quot;:&quot;split&quot;}\">\n\t\t\t\t<div class=\"elementor-shape elementor-shape-bottom\" aria-hidden=\"true\" data-negative=\"false\">\n\t\t\t<svg xmlns=\"http:\/\/www.w3.org\/2000\/svg\" viewBox=\"0 0 1000 20\" preserveAspectRatio=\"none\">\n\t<path class=\"elementor-shape-fill\" d=\"M0,0v3c0,0,393.8,0,483.4,0c9.2,0,16.6,7.4,16.6,16.6c0-9.1,7.4-16.6,16.6-16.6C606.2,3,1000,3,1000,3V0H0z\"\/>\n<\/svg>\t\t<\/div>\n\t\t\t\t<div class=\"elementor-element elementor-element-ea9af59 elementor-widget__width-inherit elementor-widget elementor-widget-hub_fancy_heading\" data-id=\"ea9af59\" data-element_type=\"widget\" data-widget_type=\"hub_fancy_heading.default\">\n\t\t\t\t<div class=\"elementor-widget-container\">\n\t\t\t\t\t\n\t\t<div id=\"ld-fancy-heading-69f8eeec8b97d\" class=\"ld-fancy-heading pos-rel\">\n\t\t\t<h2 class=\"ld-fh-element d-inline-block pos-rel  elementor-heading-title lqd-highlight-classic lqd-highlight-grow-left h2\"  > About Me<\/h2>\t\t<\/div>\n\n\t\t\t\t\t\t<\/div>\n\t\t\t\t<\/div>\n\t\t\t\t<\/div>\n\t\t<div class=\"elementor-element elementor-element-8bf55d4 e-con-full e-flex e-con e-parent\" data-id=\"8bf55d4\" data-element_type=\"container\" data-settings=\"{&quot;background_background&quot;:&quot;classic&quot;}\">\n\t\t<div class=\"elementor-element elementor-element-189ee6e e-flex e-con-boxed e-con e-child\" data-id=\"189ee6e\" data-element_type=\"container\">\n\t\t\t\t\t<div class=\"e-con-inner\">\n\t\t<div class=\"elementor-element elementor-element-49591db e-con-full e-flex e-con e-child\" data-id=\"49591db\" data-element_type=\"container\">\n\t\t\t\t<div class=\"elementor-element elementor-element-7664fc4 elementor-widget elementor-widget-ld_fancy_image\" data-id=\"7664fc4\" data-element_type=\"widget\" data-widget_type=\"ld_fancy_image.default\">\n\t\t\t\t<div class=\"elementor-widget-container\">\n\t\t\t\t\t\n\t\t<div class=\"lqd-imggrp-single d-block pos-rel \">\n\t\t\t<div class=\"lqd-imggrp-img-container d-inline-flex pos-rel align-items-center justify-content-center \">\n\t\t\t\t\t\t\t\t<figure class=\"w-100 pos-rel\">\n\t\t\t\t\t<img fetchpriority=\"high\" decoding=\"async\" width=\"1391\" height=\"1261\" src=\"https:\/\/drniluferyilmaz.com\/wp-content\/uploads\/2025\/04\/png.png\" class=\"attachment-full size-full wp-image-8691\" alt=\"\" srcset=\"https:\/\/drniluferyilmaz.com\/wp-content\/uploads\/2025\/04\/png.png 1391w, https:\/\/drniluferyilmaz.com\/wp-content\/uploads\/2025\/04\/png-300x272.png 300w, https:\/\/drniluferyilmaz.com\/wp-content\/uploads\/2025\/04\/png-1024x928.png 1024w\" sizes=\"(max-width: 1391px) 100vw, 1391px\" \/>\t\t\t\t\t\t\t\t\t\t\t\t\t\t\t\t\t\t\t\t\t\t\t\t\t\t\t\t\t<\/figure>\n\t\t\t<\/div>\n\t\t<\/div>\n\n\t\t\t\t\t<\/div>\n\t\t\t\t<\/div>\n\t\t\t\t<\/div>\n\t\t<div class=\"elementor-element elementor-element-ede9bfa e-con-full e-flex e-con e-child\" data-id=\"ede9bfa\" data-element_type=\"container\">\n\t\t\t\t<div class=\"elementor-element elementor-element-97b8121 elementor-widget__width-initial elementor-widget-mobile__width-initial elementor-widget elementor-widget-hub_fancy_heading\" data-id=\"97b8121\" data-element_type=\"widget\" data-widget_type=\"hub_fancy_heading.default\">\n\t\t\t\t<div class=\"elementor-widget-container\">\n\t\t\t\t\t\n\t\t<div id=\"ld-fancy-heading-69f8eeec8c494\" class=\"ld-fancy-heading pos-rel\">\n\t\t\t<h2 class=\"ld-fh-element d-inline-block pos-rel  elementor-heading-title lqd-highlight-classic lqd-highlight-grow-left h2\"  >  Dr. Dt. Nil\u00fcfer Y\u0131lmaz \u00d6\u011f\u00fctl\u00fc\n<\/h2>\t\t<\/div>\n\n\t\t\t\t\t\t<\/div>\n\t\t\t\t<\/div>\n\t\t\t\t<div class=\"elementor-element elementor-element-f673e31 elementor-widget__width-initial elementor-widget-mobile__width-initial elementor-widget elementor-widget-hub_fancy_heading\" data-id=\"f673e31\" data-element_type=\"widget\" data-widget_type=\"hub_fancy_heading.default\">\n\t\t\t\t<div class=\"elementor-widget-container\">\n\t\t\t\t\t\n\t\t<div id=\"ld-fancy-heading-69f8eeec8c686\" class=\"ld-fancy-heading pos-rel\">\n\t\t\t<h2 class=\"ld-fh-element d-inline-block pos-rel  elementor-heading-title lqd-highlight-classic lqd-highlight-grow-left h2\"  > In 2011, she graduated from Istanbul University Faculty of Dentistry. In the same year, she started her doctoral education as a research assistant at Istanbul University Faculty of Dentistry, Department of Orthodontics. In 2017, he presented his doctoral thesis titled \u2018Evaluation of alveolar bone graft, maxillary expansion and protraction applications with finite element analysis in the treatment of unilateral cleft lip and palate anomaly\u2019 and received the title of Orthodontics Specialist Doctor.\n<\/h2>\t\t<\/div>\n\n\t\t\t\t\t\t<\/div>\n\t\t\t\t<\/div>\n\t\t<div class=\"elementor-element elementor-element-65d3640 e-con-full e-flex e-con e-child\" data-id=\"65d3640\" data-element_type=\"container\">\n\t\t<div class=\"elementor-element elementor-element-af32027 e-con-full e-flex e-con e-child\" data-id=\"af32027\" data-element_type=\"container\">\n\t\t\t\t<div class=\"elementor-element elementor-element-8b77608 elementor-widget elementor-widget-ld_button\" data-id=\"8b77608\" data-element_type=\"widget\" data-widget_type=\"ld_button.default\">\n\t\t\t\t<div class=\"elementor-widget-container\">\n\t\t\t\t\t\n\t\t\t<a\n\t\t\t\thref=\"https:\/\/drniluferyilmaz.com\/en-gb\/about-me\/#more\"class=\"elementor-button btn btn-solid btn-hover-txt-switch btn-hover-txt-switch-y btn-lg btn-icon-shaped btn-has-label\"\t\t\t>\n\t\t\t\t\t\t\t\t\t<span data-text=\"Read More\" class=\"btn-txt\" data-transition-delay=\"true\" data-delay-options=\"{&quot;elements&quot;: &quot;.lqd-chars&quot;, &quot;delayType&quot;: &quot;animation&quot;, &quot;startDelay&quot;: 0, &quot;delayBetween&quot;: 32.5}\" data-split-text=\"true\" data-split-options=\"{&quot;type&quot;: &quot;chars, words&quot;}\">\n\t\t\t\t\t\tRead More\t\t\t\t\t<\/span>\n\t\t\t\t\t\t\t\t\t\t\t<\/a>\n\t\t\t\t\t\t\t<\/div>\n\t\t\t\t<\/div>\n\t\t\t\t<\/div>\n\t\t\t\t<\/div>\n\t\t\t\t<\/div>\n\t\t\t\t\t<\/div>\n\t\t\t\t<\/div>\n\t\t\t\t<\/div>\n\t\t<div class=\"elementor-element elementor-element-aa70d89 e-flex e-con-boxed e-con e-parent\" data-id=\"aa70d89\" data-element_type=\"container\" id=\"more\">\n\t\t\t\t\t<div class=\"e-con-inner\">\n\t\t\t\t<div class=\"elementor-element elementor-element-7788ff9 elementor-widget elementor-widget-text-editor\" data-id=\"7788ff9\" data-element_type=\"widget\" data-widget_type=\"text-editor.default\">\n\t\t\t\t<div class=\"elementor-widget-container\">\n\t\t\t\t\t\t\t\t\tShe has continued her duty as an Assistant Professor in the same department. She is an active member of the Turkish Orthodontic Society, the European Orthodontic Society, the American Association of Orthodontists, and the World Federation of Orthodontists. She has participated in numerous congresses and symposiums both nationally and internationally and has presented written and oral reports. She is married and has one child.\n\n<ul>\n    <li>Evaluation of Orthodontic Patients at State and Foundation Universities According to the ICON Index<\/li>\n    <li>TURKISH JOURNAL OF ORTHODONTICS, vol.31, no.4, pp.122-126, 2018 (Journal Indexed in ESCI) identifier identifier identifier PlumX Metrics<\/li>\n    <li>Evaluation of Skeletal and Dental Effects of Modified Jasper Jumper Appliance and Delaire Face Mask with Pancherz Analysis<\/li>\n    <li>TURKISH JOURNAL OF ORTHODONTICS, vol.30, no.1, pp.6-14, 2017 (Journal Indexed in ESCI) identifier identifier PlumX Metrics<\/li>\n    <li>Multidisciplinary Management of a Fused Central Incisor in a Unilateral Cleft Lip and Palate Patient: A Case Report<\/li>\n    <li>YILMAZ \u00d6\u011e\u00dcTL\u00dc N., FIRATLI S., ERDEM\u0130R U.<\/li>\n    <li>International Turkish Orthodontic Society Symposium, Mu\u011fla, Turkey, November 2 \u2013 5, 2019, pp.1<\/li>\n    <li>Orthodontic Treatment of an Adolescent Patient With Skeletal Class III Malocclusion and Asymmetry: A Case Report<\/li>\n    <li>YILMAZ \u00d6\u011e\u00dcTL\u00dc N., UZUN\u00c7IBUK H., G\u00dcMR\u00dc \u00c7EL\u0130KEL A. D.<\/li>\n    <li>International Turkish Orthodontic Society Symposium, Mu\u011fla, Turkey, November 2 \u2013 5, 2019, pp.1<\/li>\n    <li>Orthodontic Treatment with Extractions for an Adult Patient With Mandibular Dental Midline Asymmetry: A Case Report<\/li>\n    <li>UZUN\u00c7IBUK H., YILMAZ \u00d6\u011e\u00dcTL\u00dc N., MAR\u015eAN G.<\/li>\n    <li>International Turkish Orthodontic Society Symposium, Mu\u011fla, Turkey, November 2 \u2013 5, 2019, pp.1<\/li>\n    <li>Investigation of Dietary Habits in Orthodontic Patients<\/li>\n    <li>YILMAZ \u00d6\u011e\u00dcTL\u00dc N., KILI\u00c7O\u011eLU H.<\/li>\n    <li>International Turkish Orthodontic Society Congress, \u0130zmir, Turkey, October 13 \u2013 17, 2018, pp.1<\/li>\n    <li>Orthodontic Treatment of an Adolescent Patient With Class II Malocclusion Using Lower Incisor Extraction and Forsus Appliance: A Case Report<\/li>\n    <li>YILMAZ \u00d6\u011e\u00dcTL\u00dc N., KILI\u00c7O\u011eLU H.<\/li>\n    <li>International Turkish Orthodontic Society Symposium, Ankara, Turkey, November 5 \u2013 7, 2017, pp.1<\/li>\n    <li>Multidisciplinary Management of an Impacted and Severely Rotated Central Incisor: A Case Report<\/li>\n    <li>YILMAZ \u00d6\u011e\u00dcTL\u00dc N., G\u00dcMR\u00dc \u00c7EL\u0130KEL A. D., YAZICIO\u011eLU O., KILI\u00c7O\u011eLU H.<\/li>\n    <li>93rd Congress of the European Orthodontic Society, Montreux, Switzerland, June 5 \u2013 10, 2017, pp.1<\/li>\n    <li>Orthodontic Treatment of an Adolescent Female Patient With Class III Malocclusion and Diastema: A Case Report<\/li>\n    <li>YILMAZ N., TA\u011eR\u0130KULU B.<\/li>\n    <li>American Association of Orthodontists Annual Meeting, Orlando, United States, April 29 \u2013 May 3, 2016, pp.40<\/li>\n    <li>Distraction Osteogenesis With Rigid Internal Distraction Device in a Patient With Severe Maxillary Retrognathism: A Case Report<\/li>\n    <li>Diker M., MAR\u015eAN G., KUVAT S. V., YILMAZ N.<\/li>\n    <li>115th Annual Session, American Association of Orthodontists, San Francisco, United States, May 15 \u2013 19, 2015, pp.2<\/li>\n    <li>Presurgical Nasoalveolar Molding in Infants With Different Types of Cleft Lip and Palate (Three Case Reports)<\/li>\n    <li>YILMAZ N., G\u00dcMR\u00dc \u00c7EL\u0130KEL A. D., TA\u011eR\u0130KULU B., ERBAY E. F.<\/li>\n    <li>International Cleft Lip and Palate Congress, Nev\u015fehir, Turkey, November 28 \u2013 30, 2014, pp.0-1<\/li>\n<\/ul>\n\t\t\t\t\t\t\t\t<\/div>\n\t\t\t\t<\/div>\n\t\t\t\t\t<\/div>\n\t\t\t\t<\/div>\n\t\t\t\t<\/div>\n\t\t","protected":false},"excerpt":{"rendered":"<p>About Me Dr. Dt. Nil\u00fcfer Y\u0131lmaz \u00d6\u011f\u00fctl\u00fc In 2011, she graduated from Istanbul University Faculty of Dentistry. In the same year, she started her doctoral education as a research assistant at Istanbul University Faculty of Dentistry, Department of Orthodontics. In 2017, he presented his doctoral thesis titled \u2018Evaluation of alveolar bone graft, maxillary expansion and [&hellip;]<\/p>\n","protected":false},"author":1,"featured_media":0,"parent":0,"menu_order":0,"comment_status":"closed","ping_status":"closed","template":"","meta":{"footnotes":""},"class_list":["post-8262","page","type-page","status-publish","hentry"],"_links":{"self":[{"href":"https:\/\/drniluferyilmaz.com\/en-gb\/wp-json\/wp\/v2\/pages\/8262","targetHints":{"allow":["GET"]}}],"collection":[{"href":"https:\/\/drniluferyilmaz.com\/en-gb\/wp-json\/wp\/v2\/pages"}],"about":[{"href":"https:\/\/drniluferyilmaz.com\/en-gb\/wp-json\/wp\/v2\/types\/page"}],"author":[{"embeddable":true,"href":"https:\/\/drniluferyilmaz.com\/en-gb\/wp-json\/wp\/v2\/users\/1"}],"replies":[{"embeddable":true,"href":"https:\/\/drniluferyilmaz.com\/en-gb\/wp-json\/wp\/v2\/comments?post=8262"}],"version-history":[{"count":3,"href":"https:\/\/drniluferyilmaz.com\/en-gb\/wp-json\/wp\/v2\/pages\/8262\/revisions"}],"predecessor-version":[{"id":8713,"href":"https:\/\/drniluferyilmaz.com\/en-gb\/wp-json\/wp\/v2\/pages\/8262\/revisions\/8713"}],"wp:attachment":[{"href":"https:\/\/drniluferyilmaz.com\/en-gb\/wp-json\/wp\/v2\/media?parent=8262"}],"curies":[{"name":"wp","href":"https:\/\/api.w.org\/{rel}","templated":true}]}}